{"id":107,"date":"2020-01-01T15:09:56","date_gmt":"2020-01-01T20:09:56","guid":{"rendered":"http:\/\/localhost\/demo\/?page_id=30"},"modified":"2026-04-01T14:36:35","modified_gmt":"2026-04-01T19:36:35","slug":"descubre-barranquilla-le-tengo-el-dato","status":"publish","type":"page","link":"https:\/\/letengoeldato.com\/","title":{"rendered":"Inicio"},"content":{"rendered":"\t\t<div data-elementor-type=\"wp-page\" data-elementor-id=\"107\" class=\"elementor elementor-107\">\n\t\t\t\t\t\t\t\t\t<section class=\"elementor-section elementor-top-section elementor-element elementor-element-82abb78 elementor-section-full_width elementor-section-height-default elementor-section-height-default\" data-id=\"82abb78\" data-element_type=\"section\">\n\t\t\t\t\t\t<div class=\"elementor-container elementor-column-gap-no\">\n\t\t\t\t\t<div class=\"elementor-column elementor-col-100 elementor-top-column elementor-element elementor-element-4f8b1d6\" data-id=\"4f8b1d6\" data-element_type=\"column\">\n\t\t\t<div class=\"elementor-widget-wrap elementor-element-populated\">\n\t\t\t\t\t\t\t\t<div class=\"elementor-element elementor-element-7f4e6bb elementor-widget-tablet__width-inherit elementor-hidden-mobile elementor--h-position-center elementor--v-position-middle elementor-arrows-position-inside elementor-pagination-position-inside elementor-widget elementor-widget-slides\" data-id=\"7f4e6bb\" data-element_type=\"widget\" data-settings=\"{&quot;navigation&quot;:&quot;both&quot;,&quot;autoplay&quot;:&quot;yes&quot;,&quot;pause_on_hover&quot;:&quot;yes&quot;,&quot;pause_on_interaction&quot;:&quot;yes&quot;,&quot;autoplay_speed&quot;:5000,&quot;infinite&quot;:&quot;yes&quot;,&quot;transition&quot;:&quot;slide&quot;,&quot;transition_speed&quot;:500}\" data-widget_type=\"slides.default\">\n\t\t\t\t<div class=\"elementor-widget-container\">\n\t\t\t<style>\/*! pro-elements - v3.6.4 - 15-03-2022 *\/\n.elementor-slides .swiper-slide-bg{background-size:cover;background-position:50%;background-repeat:no-repeat;min-width:100%;min-height:100%}.elementor-slides .swiper-slide-inner{background-repeat:no-repeat;background-position:50%;position:absolute;top:0;left:0;bottom:0;right:0;padding:50px;margin:auto}.elementor-slides .swiper-slide-inner,.elementor-slides .swiper-slide-inner:hover{color:#fff;display:-webkit-box;display:-ms-flexbox;display:flex}.elementor-slides .swiper-slide-inner .elementor-background-overlay{position:absolute;z-index:0;top:0;bottom:0;left:0;right:0}.elementor-slides .swiper-slide-inner .elementor-slide-content{position:relative;z-index:1;width:100%}.elementor-slides .swiper-slide-inner .elementor-slide-heading{font-size:35px;font-weight:700;line-height:1}.elementor-slides .swiper-slide-inner .elementor-slide-description{font-size:17px;line-height:1.4}.elementor-slides .swiper-slide-inner .elementor-slide-description:not(:last-child),.elementor-slides .swiper-slide-inner .elementor-slide-heading:not(:last-child){margin-bottom:30px}.elementor-slides .swiper-slide-inner .elementor-slide-button{border:2px solid #fff;color:#fff;background:transparent;display:inline-block}.elementor-slides .swiper-slide-inner .elementor-slide-button,.elementor-slides .swiper-slide-inner .elementor-slide-button:hover{background:transparent;color:inherit;text-decoration:none}.elementor--v-position-top .swiper-slide-inner{-webkit-box-align:start;-ms-flex-align:start;align-items:flex-start}.elementor--v-position-bottom .swiper-slide-inner{-webkit-box-align:end;-ms-flex-align:end;align-items:flex-end}.elementor--v-position-middle .swiper-slide-inner{-webkit-box-align:center;-ms-flex-align:center;align-items:center}.elementor--h-position-left .swiper-slide-inner{-webkit-box-pack:start;-ms-flex-pack:start;justify-content:flex-start}.elementor--h-position-right .swiper-slide-inner{-webkit-box-pack:end;-ms-flex-pack:end;justify-content:flex-end}.elementor--h-position-center .swiper-slide-inner{-webkit-box-pack:center;-ms-flex-pack:center;justify-content:center}body.rtl .elementor-widget-slides .elementor-swiper-button-next{left:10px;right:auto}body.rtl .elementor-widget-slides .elementor-swiper-button-prev{right:10px;left:auto}.elementor-slides-wrapper div:not(.swiper-slide)>.swiper-slide-inner{display:none}@media (max-width:767px){.elementor-slides .swiper-slide-inner{padding:30px}.elementor-slides .swiper-slide-inner .elementor-slide-heading{font-size:23px;line-height:1;margin-bottom:15px}.elementor-slides .swiper-slide-inner .elementor-slide-description{font-size:13px;line-height:1.4;margin-bottom:15px}}<\/style>\t\t<div class=\"elementor-swiper\">\n\t\t\t<div class=\"elementor-slides-wrapper elementor-main-swiper swiper-container\" dir=\"ltr\" data-animation=\"fadeInUp\">\n\t\t\t\t<div class=\"swiper-wrapper elementor-slides\">\n\t\t\t\t\t\t\t\t\t\t<div class=\"elementor-repeater-item-538eb97 swiper-slide\"><div class=\"swiper-slide-bg\"><\/div><div class=\"swiper-slide-inner\" ><div class=\"swiper-slide-contents\"><\/div><\/div><\/div><div class=\"elementor-repeater-item-9e9d202 swiper-slide\"><div class=\"swiper-slide-bg\"><\/div><a class=\"swiper-slide-inner\" href=\"https:\/\/letengoeldato.com\/index.php\/category\/blog-emprendimiento-barranquilla-atlantico\/\"><div class=\"swiper-slide-contents\"><\/div><\/a><\/div>\t\t\t\t<\/div>\n\t\t\t\t\t\t\t\t\t\t\t\t\t\t\t<div class=\"swiper-pagination\"><\/div>\n\t\t\t\t\t\t\t\t\t\t\t\t\t\t\t\t<div class=\"elementor-swiper-button elementor-swiper-button-prev\">\n\t\t\t\t\t\t\t<i aria-hidden=\"true\" class=\"eicon-chevron-left\"><\/i>\t\t\t\t\t\t\t<span class=\"elementor-screen-only\">Previous<\/span>\n\t\t\t\t\t\t<\/div>\n\t\t\t\t\t\t<div class=\"elementor-swiper-button elementor-swiper-button-next\">\n\t\t\t\t\t\t\t<i aria-hidden=\"true\" class=\"eicon-chevron-right\"><\/i>\t\t\t\t\t\t\t<span class=\"elementor-screen-only\">Next<\/span>\n\t\t\t\t\t\t<\/div>\n\t\t\t\t\t\t\t\t\t\t\t\t<\/div>\n\t\t<\/div>\n\t\t\t\t<\/div>\n\t\t\t\t<\/div>\n\t\t\t\t<div class=\"elementor-element elementor-element-91e7ca5 elementor-widget-mobile__width-inherit elementor-hidden-desktop elementor-hidden-tablet elementor--h-position-center elementor--v-position-middle elementor-arrows-position-inside elementor-pagination-position-inside elementor-widget elementor-widget-slides\" data-id=\"91e7ca5\" data-element_type=\"widget\" data-settings=\"{&quot;navigation&quot;:&quot;both&quot;,&quot;autoplay&quot;:&quot;yes&quot;,&quot;pause_on_hover&quot;:&quot;yes&quot;,&quot;pause_on_interaction&quot;:&quot;yes&quot;,&quot;autoplay_speed&quot;:5000,&quot;infinite&quot;:&quot;yes&quot;,&quot;transition&quot;:&quot;slide&quot;,&quot;transition_speed&quot;:500}\" data-widget_type=\"slides.default\">\n\t\t\t\t<div class=\"elementor-widget-container\">\n\t\t\t\t\t<div class=\"elementor-swiper\">\n\t\t\t<div class=\"elementor-slides-wrapper elementor-main-swiper swiper-container\" dir=\"ltr\" data-animation=\"fadeInUp\">\n\t\t\t\t<div class=\"swiper-wrapper elementor-slides\">\n\t\t\t\t\t\t\t\t\t\t<div class=\"elementor-repeater-item-30f31c6 swiper-slide\"><div class=\"swiper-slide-bg\"><\/div><div class=\"swiper-slide-inner\" ><div class=\"swiper-slide-contents\"><\/div><\/div><\/div><div class=\"elementor-repeater-item-cac9837 swiper-slide\"><div class=\"swiper-slide-bg\"><\/div><a class=\"swiper-slide-inner\" href=\"https:\/\/letengoeldato.com\/index.php\/category\/blog-emprendimiento-barranquilla-atlantico\/\"><div class=\"swiper-slide-contents\"><\/div><\/a><\/div>\t\t\t\t<\/div>\n\t\t\t\t\t\t\t\t\t\t\t\t\t\t\t<div class=\"swiper-pagination\"><\/div>\n\t\t\t\t\t\t\t\t\t\t\t\t\t\t\t\t<div class=\"elementor-swiper-button elementor-swiper-button-prev\">\n\t\t\t\t\t\t\t<i aria-hidden=\"true\" class=\"eicon-chevron-left\"><\/i>\t\t\t\t\t\t\t<span class=\"elementor-screen-only\">Previous<\/span>\n\t\t\t\t\t\t<\/div>\n\t\t\t\t\t\t<div class=\"elementor-swiper-button elementor-swiper-button-next\">\n\t\t\t\t\t\t\t<i aria-hidden=\"true\" class=\"eicon-chevron-right\"><\/i>\t\t\t\t\t\t\t<span class=\"elementor-screen-only\">Next<\/span>\n\t\t\t\t\t\t<\/div>\n\t\t\t\t\t\t\t\t\t\t\t\t<\/div>\n\t\t<\/div>\n\t\t\t\t<\/div>\n\t\t\t\t<\/div>\n\t\t\t\t\t<\/div>\n\t\t<\/div>\n\t\t\t\t\t\t\t<\/div>\n\t\t<\/section>\n\t\t\t\t<section class=\"elementor-section elementor-top-section elementor-element elementor-element-43f8078 elementor-section-full_width elementor-section-height-default elementor-section-height-default\" data-id=\"43f8078\" data-element_type=\"section\">\n\t\t\t\t\t\t<div class=\"elementor-container elementor-column-gap-custom\">\n\t\t\t\t\t<div class=\"elementor-column elementor-col-100 elementor-top-column elementor-element elementor-element-4ae2a7a\" data-id=\"4ae2a7a\" data-element_type=\"column\">\n\t\t\t<div class=\"elementor-widget-wrap elementor-element-populated\">\n\t\t\t\t\t\t\t\t<div class=\"elementor-element elementor-element-b616d42 elementor-widget elementor-widget-heading\" data-id=\"b616d42\" data-element_type=\"widget\" data-widget_type=\"heading.default\">\n\t\t\t\t<div class=\"elementor-widget-container\">\n\t\t\t<style>\/*! elementor - v3.6.5 - 27-04-2022 *\/\n.elementor-heading-title{padding:0;margin:0;line-height:1}.elementor-widget-heading .elementor-heading-title[class*=elementor-size-]>a{color:inherit;font-size:inherit;line-height:inherit}.elementor-widget-heading .elementor-heading-title.elementor-size-small{font-size:15px}.elementor-widget-heading .elementor-heading-title.elementor-size-medium{font-size:19px}.elementor-widget-heading .elementor-heading-title.elementor-size-large{font-size:29px}.elementor-widget-heading .elementor-heading-title.elementor-size-xl{font-size:39px}.elementor-widget-heading .elementor-heading-title.elementor-size-xxl{font-size:59px}<\/style><h2 class=\"elementor-heading-title elementor-size-default\">No te pierdas los \u00faltimos art\u00edculos<\/h2>\t\t<\/div>\n\t\t\t\t<\/div>\n\t\t\t\t<div class=\"elementor-element elementor-element-24620d9 elementor-grid-4 elementor-grid-mobile-2 elementor-grid-tablet-4 elementor-posts--thumbnail-top elementor-widget elementor-widget-posts\" data-id=\"24620d9\" data-element_type=\"widget\" data-settings=\"{&quot;classic_columns&quot;:&quot;4&quot;,&quot;classic_columns_mobile&quot;:&quot;2&quot;,&quot;classic_masonry&quot;:&quot;yes&quot;,&quot;classic_columns_tablet&quot;:&quot;4&quot;,&quot;classic_row_gap&quot;:{&quot;unit&quot;:&quot;px&quot;,&quot;size&quot;:35,&quot;sizes&quot;:[]},&quot;classic_row_gap_tablet&quot;:{&quot;unit&quot;:&quot;px&quot;,&quot;size&quot;:&quot;&quot;,&quot;sizes&quot;:[]},&quot;classic_row_gap_mobile&quot;:{&quot;unit&quot;:&quot;px&quot;,&quot;size&quot;:&quot;&quot;,&quot;sizes&quot;:[]}}\" data-widget_type=\"posts.classic\">\n\t\t\t\t<div class=\"elementor-widget-container\">\n\t\t\t<link rel=\"stylesheet\" href=\"https:\/\/letengoeldato.com\/wp-content\/plugins\/pro-elements\/assets\/css\/widget-posts.min.css\">\t\t<div class=\"elementor-posts-container elementor-posts elementor-posts--skin-classic elementor-grid\">\n\t\t\t\t<article class=\"elementor-post elementor-grid-item post-3372 post type-post status-publish format-standard has-post-thumbnail hentry category-consejos-para-emprendedores-barranquilla\">\n\t\t\t\t<a class=\"elementor-post__thumbnail__link\" href=\"https:\/\/letengoeldato.com\/index.php\/2026\/03\/24\/postventa-para-emprendedores\/\" >\n\t\t\t<div class=\"elementor-post__thumbnail\"><img loading=\"lazy\" decoding=\"async\" width=\"672\" height=\"430\" src=\"https:\/\/letengoeldato.com\/wp-content\/uploads\/2026\/03\/Post-venta--672x430.jpg\" class=\"attachment-listingpro-blog-grid3 size-listingpro-blog-grid3\" alt=\"\" \/><\/div>\n\t\t<\/a>\n\t\t\t\t<div class=\"elementor-post__text\">\n\t\t\t\t<h3 class=\"elementor-post__title\">\n\t\t\t<a href=\"https:\/\/letengoeldato.com\/index.php\/2026\/03\/24\/postventa-para-emprendedores\/\" >\n\t\t\t\tTu cliente ya te compr\u00f3. \u00bfY ahora qu\u00e9?\t\t\t<\/a>\n\t\t<\/h3>\n\t\t\t\t<div class=\"elementor-post__meta-data\">\n\t\t\t\t\t<span class=\"elementor-post-date\">\n\t\t\tmarzo 24, 2026\t\t<\/span>\n\t\t\t\t<span class=\"elementor-post-time\">\n\t\t\t4:10 PM\t\t<\/span>\n\t\t\t\t<\/div>\n\t\t\t\t\t<a class=\"elementor-post__read-more\" href=\"https:\/\/letengoeldato.com\/index.php\/2026\/03\/24\/postventa-para-emprendedores\/\" >\n\t\t\t\tLeer m\u00e1s \u00bb\t\t\t<\/a>\n\t\t\t\t<\/div>\n\t\t\t\t<\/article>\n\t\t\t\t<article class=\"elementor-post elementor-grid-item post-3254 post type-post status-publish format-standard has-post-thumbnail hentry category-noticias-emprendimiento-barranquilla-atlantico\">\n\t\t\t\t<a class=\"elementor-post__thumbnail__link\" href=\"https:\/\/letengoeldato.com\/index.php\/2025\/12\/08\/macondo-surrealista-atlantico\/\" >\n\t\t\t<div class=\"elementor-post__thumbnail\"><img loading=\"lazy\" decoding=\"async\" width=\"672\" height=\"430\" src=\"https:\/\/letengoeldato.com\/wp-content\/uploads\/2025\/12\/Imagen-de-WhatsApp-2025-12-08-a-las-13.16.13_0f5ca483-672x430.jpg\" class=\"attachment-listingpro-blog-grid3 size-listingpro-blog-grid3\" alt=\"\" \/><\/div>\n\t\t<\/a>\n\t\t\t\t<div class=\"elementor-post__text\">\n\t\t\t\t<h3 class=\"elementor-post__title\">\n\t\t\t<a href=\"https:\/\/letengoeldato.com\/index.php\/2025\/12\/08\/macondo-surrealista-atlantico\/\" >\n\t\t\t\tGobernaci\u00f3n del Atl\u00e1ntico llega a Expoartesan\u00edas con \u201cMacondo Surrealista\u201d\t\t\t<\/a>\n\t\t<\/h3>\n\t\t\t\t<div class=\"elementor-post__meta-data\">\n\t\t\t\t\t<span class=\"elementor-post-date\">\n\t\t\tdiciembre 8, 2025\t\t<\/span>\n\t\t\t\t<span class=\"elementor-post-time\">\n\t\t\t4:13 PM\t\t<\/span>\n\t\t\t\t<\/div>\n\t\t\t\t\t<a class=\"elementor-post__read-more\" href=\"https:\/\/letengoeldato.com\/index.php\/2025\/12\/08\/macondo-surrealista-atlantico\/\" >\n\t\t\t\tLeer m\u00e1s \u00bb\t\t\t<\/a>\n\t\t\t\t<\/div>\n\t\t\t\t<\/article>\n\t\t\t\t<article class=\"elementor-post elementor-grid-item post-3244 post type-post status-publish format-standard has-post-thumbnail hentry category-noticias-emprendimiento-barranquilla-atlantico\">\n\t\t\t\t<a class=\"elementor-post__thumbnail__link\" href=\"https:\/\/letengoeldato.com\/index.php\/2025\/12\/06\/feria-comercial-de-tejedoras-y-conocer-el-primer-arbol-de-navidad-de-croche-de-colombia\/\" >\n\t\t\t<div class=\"elementor-post__thumbnail\"><img loading=\"lazy\" decoding=\"async\" width=\"672\" height=\"430\" src=\"https:\/\/letengoeldato.com\/wp-content\/uploads\/2025\/12\/Feria-tejedoras3-672x430.jpeg\" class=\"attachment-listingpro-blog-grid3 size-listingpro-blog-grid3\" alt=\"\" \/><\/div>\n\t\t<\/a>\n\t\t\t\t<div class=\"elementor-post__text\">\n\t\t\t\t<h3 class=\"elementor-post__title\">\n\t\t\t<a href=\"https:\/\/letengoeldato.com\/index.php\/2025\/12\/06\/feria-comercial-de-tejedoras-y-conocer-el-primer-arbol-de-navidad-de-croche-de-colombia\/\" >\n\t\t\t\tFeria comercial de tejedoras y conocer el primer \u00e1rbol de Navidad de croch\u00e9 de Colombia\t\t\t<\/a>\n\t\t<\/h3>\n\t\t\t\t<div class=\"elementor-post__meta-data\">\n\t\t\t\t\t<span class=\"elementor-post-date\">\n\t\t\tdiciembre 6, 2025\t\t<\/span>\n\t\t\t\t<span class=\"elementor-post-time\">\n\t\t\t7:19 PM\t\t<\/span>\n\t\t\t\t<\/div>\n\t\t\t\t\t<a class=\"elementor-post__read-more\" href=\"https:\/\/letengoeldato.com\/index.php\/2025\/12\/06\/feria-comercial-de-tejedoras-y-conocer-el-primer-arbol-de-navidad-de-croche-de-colombia\/\" >\n\t\t\t\tLeer m\u00e1s \u00bb\t\t\t<\/a>\n\t\t\t\t<\/div>\n\t\t\t\t<\/article>\n\t\t\t\t<article class=\"elementor-post elementor-grid-item post-3240 post type-post status-publish format-standard has-post-thumbnail hentry category-noticias-emprendimiento-barranquilla-atlantico\">\n\t\t\t\t<a class=\"elementor-post__thumbnail__link\" href=\"https:\/\/letengoeldato.com\/index.php\/2025\/11\/21\/feria-colombia-tradicion-barranquilla\/\" >\n\t\t\t<div class=\"elementor-post__thumbnail\"><img loading=\"lazy\" decoding=\"async\" width=\"672\" height=\"430\" src=\"https:\/\/letengoeldato.com\/wp-content\/uploads\/2025\/11\/445A9355-672x430.jpg\" class=\"attachment-listingpro-blog-grid3 size-listingpro-blog-grid3\" alt=\"\" \/><\/div>\n\t\t<\/a>\n\t\t\t\t<div class=\"elementor-post__text\">\n\t\t\t\t<h3 class=\"elementor-post__title\">\n\t\t\t<a href=\"https:\/\/letengoeldato.com\/index.php\/2025\/11\/21\/feria-colombia-tradicion-barranquilla\/\" >\n\t\t\t\tFeria \u201cColombia, despensa y cocina de tradici\u00f3n\u201d reuni\u00f3 emprendimientos gastron\u00f3micos en Barranquilla\t\t\t<\/a>\n\t\t<\/h3>\n\t\t\t\t<div class=\"elementor-post__meta-data\">\n\t\t\t\t\t<span class=\"elementor-post-date\">\n\t\t\tnoviembre 21, 2025\t\t<\/span>\n\t\t\t\t<span class=\"elementor-post-time\">\n\t\t\t3:33 PM\t\t<\/span>\n\t\t\t\t<\/div>\n\t\t\t\t\t<a class=\"elementor-post__read-more\" href=\"https:\/\/letengoeldato.com\/index.php\/2025\/11\/21\/feria-colombia-tradicion-barranquilla\/\" >\n\t\t\t\tLeer m\u00e1s \u00bb\t\t\t<\/a>\n\t\t\t\t<\/div>\n\t\t\t\t<\/article>\n\t\t\t\t<\/div>\n\n\n\t\t\n\t\t\t\t<\/div>\n\t\t\t\t<\/div>\n\t\t\t\t\t<\/div>\n\t\t<\/div>\n\t\t\t\t\t\t\t<\/div>\n\t\t<\/section>\n\t\t\t\t\t\t\t<\/div>\n\t\t","protected":false},"excerpt":{"rendered":"<p>Previous Next Previous Next No te pierdas los \u00faltimos art\u00edculos<\/p>\n","protected":false},"author":1,"featured_media":2382,"parent":0,"menu_order":0,"comment_status":"closed","ping_status":"closed","template":"","meta":{"om_disable_all_campaigns":false,"_monsterinsights_skip_tracking":false,"_monsterinsights_sitenote_active":false,"_monsterinsights_sitenote_note":"","_monsterinsights_sitenote_category":0,"footnotes":""},"yoast_head":"<!-- This site is optimized with the Yoast SEO plugin v23.0 - https:\/\/yoast.com\/wordpress\/plugins\/seo\/ -->\n<title>Inicio - Le Tengo el Dato Barranquilla<\/title>\n<meta name=\"description\" content=\"Descubre Le Tengo el Dato Barranquilla, la plataforma que centraliza informaci\u00f3n de negocios locales en Barranquilla y Regi\u00f3n del Atl\u00e1ntico.\" \/>\n<meta name=\"robots\" content=\"index, follow, max-snippet:-1, max-image-preview:large, max-video-preview:-1\" \/>\n<link rel=\"canonical\" href=\"https:\/\/letengoeldato.com\/\" \/>\n<meta property=\"og:locale\" content=\"es_ES\" \/>\n<meta property=\"og:type\" content=\"article\" \/>\n<meta property=\"og:title\" content=\"Inicio - Le Tengo el Dato Barranquilla\" \/>\n<meta property=\"og:description\" content=\"Descubre Le Tengo el Dato Barranquilla, la plataforma que centraliza informaci\u00f3n de negocios locales en Barranquilla y Regi\u00f3n del Atl\u00e1ntico.\" \/>\n<meta property=\"og:url\" content=\"https:\/\/letengoeldato.com\/\" \/>\n<meta property=\"og:site_name\" content=\"Le Tengo el Dato Barranquilla\" \/>\n<meta property=\"article:publisher\" content=\"https:\/\/www.facebook.com\/letengoeldato.baq\" \/>\n<meta property=\"article:modified_time\" content=\"2026-04-01T19:36:35+00:00\" \/>\n<meta property=\"og:image\" content=\"https:\/\/letengoeldato.com\/wp-content\/uploads\/2024\/07\/Logo-Le-Tengo-el-Dato-Barranquilla.jpg\" \/>\n\t<meta property=\"og:image:width\" content=\"1080\" \/>\n\t<meta property=\"og:image:height\" content=\"1080\" \/>\n\t<meta property=\"og:image:type\" content=\"image\/jpeg\" \/>\n<meta name=\"twitter:card\" content=\"summary_large_image\" \/>\n<meta name=\"twitter:label1\" content=\"Tiempo de lectura\" \/>\n\t<meta name=\"twitter:data1\" content=\"2 minutos\" \/>\n<script type=\"application\/ld+json\" class=\"yoast-schema-graph\">{\"@context\":\"https:\/\/schema.org\",\"@graph\":[{\"@type\":\"WebPage\",\"@id\":\"https:\/\/letengoeldato.com\/\",\"url\":\"https:\/\/letengoeldato.com\/\",\"name\":\"Inicio - Le Tengo el Dato Barranquilla\",\"isPartOf\":{\"@id\":\"https:\/\/letengoeldato.com\/#website\"},\"primaryImageOfPage\":{\"@id\":\"https:\/\/letengoeldato.com\/#primaryimage\"},\"image\":{\"@id\":\"https:\/\/letengoeldato.com\/#primaryimage\"},\"thumbnailUrl\":\"https:\/\/letengoeldato.com\/wp-content\/uploads\/2024\/07\/Logo-Le-Tengo-el-Dato-Barranquilla.jpg\",\"datePublished\":\"2020-01-01T20:09:56+00:00\",\"dateModified\":\"2026-04-01T19:36:35+00:00\",\"description\":\"Descubre Le Tengo el Dato Barranquilla, la plataforma que centraliza informaci\u00f3n de negocios locales en Barranquilla y Regi\u00f3n del Atl\u00e1ntico.\",\"breadcrumb\":{\"@id\":\"https:\/\/letengoeldato.com\/#breadcrumb\"},\"inLanguage\":\"es\",\"potentialAction\":[{\"@type\":\"ReadAction\",\"target\":[\"https:\/\/letengoeldato.com\/\"]}]},{\"@type\":\"ImageObject\",\"inLanguage\":\"es\",\"@id\":\"https:\/\/letengoeldato.com\/#primaryimage\",\"url\":\"https:\/\/letengoeldato.com\/wp-content\/uploads\/2024\/07\/Logo-Le-Tengo-el-Dato-Barranquilla.jpg\",\"contentUrl\":\"https:\/\/letengoeldato.com\/wp-content\/uploads\/2024\/07\/Logo-Le-Tengo-el-Dato-Barranquilla.jpg\",\"width\":1080,\"height\":1080,\"caption\":\"Descubre Barranquilla\"},{\"@type\":\"BreadcrumbList\",\"@id\":\"https:\/\/letengoeldato.com\/#breadcrumb\",\"itemListElement\":[{\"@type\":\"ListItem\",\"position\":1,\"name\":\"Portada\",\"item\":\"https:\/\/letengoeldato.com\/\"},{\"@type\":\"ListItem\",\"position\":2,\"name\":\"Inicio > Le Tengo el Dato Barranquilla\"}]},{\"@type\":\"WebSite\",\"@id\":\"https:\/\/letengoeldato.com\/#website\",\"url\":\"https:\/\/letengoeldato.com\/\",\"name\":\"Le Tengo el Dato Barranquilla\",\"description\":\"Descubramos lo mejor de Barranquilla\",\"publisher\":{\"@id\":\"https:\/\/letengoeldato.com\/#organization\"},\"potentialAction\":[{\"@type\":\"SearchAction\",\"target\":{\"@type\":\"EntryPoint\",\"urlTemplate\":\"https:\/\/letengoeldato.com\/?s={search_term_string}\"},\"query-input\":\"required name=search_term_string\"}],\"inLanguage\":\"es\"},{\"@type\":\"Organization\",\"@id\":\"https:\/\/letengoeldato.com\/#organization\",\"name\":\"Le Tengo el Dato Barranquilla\",\"url\":\"https:\/\/letengoeldato.com\/\",\"logo\":{\"@type\":\"ImageObject\",\"inLanguage\":\"es\",\"@id\":\"https:\/\/letengoeldato.com\/#\/schema\/logo\/image\/\",\"url\":\"https:\/\/letengoeldato.com\/wp-content\/uploads\/2024\/06\/cropped-Logo-Full-color-.jpg\",\"contentUrl\":\"https:\/\/letengoeldato.com\/wp-content\/uploads\/2024\/06\/cropped-Logo-Full-color-.jpg\",\"width\":512,\"height\":512,\"caption\":\"Le Tengo el Dato Barranquilla\"},\"image\":{\"@id\":\"https:\/\/letengoeldato.com\/#\/schema\/logo\/image\/\"},\"sameAs\":[\"https:\/\/www.facebook.com\/letengoeldato.baq\",\"https:\/\/www.instagram.com\/letengoeldato.baq\/\"]}]}<\/script>\n<!-- \/ Yoast SEO plugin. -->","yoast_head_json":{"title":"Inicio - Le Tengo el Dato Barranquilla","description":"Descubre Le Tengo el Dato Barranquilla, la plataforma que centraliza informaci\u00f3n de negocios locales en Barranquilla y Regi\u00f3n del Atl\u00e1ntico.","robots":{"index":"index","follow":"follow","max-snippet":"max-snippet:-1","max-image-preview":"max-image-preview:large","max-video-preview":"max-video-preview:-1"},"canonical":"https:\/\/letengoeldato.com\/","og_locale":"es_ES","og_type":"article","og_title":"Inicio - Le Tengo el Dato Barranquilla","og_description":"Descubre Le Tengo el Dato Barranquilla, la plataforma que centraliza informaci\u00f3n de negocios locales en Barranquilla y Regi\u00f3n del Atl\u00e1ntico.","og_url":"https:\/\/letengoeldato.com\/","og_site_name":"Le Tengo el Dato Barranquilla","article_publisher":"https:\/\/www.facebook.com\/letengoeldato.baq","article_modified_time":"2026-04-01T19:36:35+00:00","og_image":[{"width":1080,"height":1080,"url":"https:\/\/letengoeldato.com\/wp-content\/uploads\/2024\/07\/Logo-Le-Tengo-el-Dato-Barranquilla.jpg","type":"image\/jpeg"}],"twitter_card":"summary_large_image","twitter_misc":{"Tiempo de lectura":"2 minutos"},"schema":{"@context":"https:\/\/schema.org","@graph":[{"@type":"WebPage","@id":"https:\/\/letengoeldato.com\/","url":"https:\/\/letengoeldato.com\/","name":"Inicio - Le Tengo el Dato Barranquilla","isPartOf":{"@id":"https:\/\/letengoeldato.com\/#website"},"primaryImageOfPage":{"@id":"https:\/\/letengoeldato.com\/#primaryimage"},"image":{"@id":"https:\/\/letengoeldato.com\/#primaryimage"},"thumbnailUrl":"https:\/\/letengoeldato.com\/wp-content\/uploads\/2024\/07\/Logo-Le-Tengo-el-Dato-Barranquilla.jpg","datePublished":"2020-01-01T20:09:56+00:00","dateModified":"2026-04-01T19:36:35+00:00","description":"Descubre Le Tengo el Dato Barranquilla, la plataforma que centraliza informaci\u00f3n de negocios locales en Barranquilla y Regi\u00f3n del Atl\u00e1ntico.","breadcrumb":{"@id":"https:\/\/letengoeldato.com\/#breadcrumb"},"inLanguage":"es","potentialAction":[{"@type":"ReadAction","target":["https:\/\/letengoeldato.com\/"]}]},{"@type":"ImageObject","inLanguage":"es","@id":"https:\/\/letengoeldato.com\/#primaryimage","url":"https:\/\/letengoeldato.com\/wp-content\/uploads\/2024\/07\/Logo-Le-Tengo-el-Dato-Barranquilla.jpg","contentUrl":"https:\/\/letengoeldato.com\/wp-content\/uploads\/2024\/07\/Logo-Le-Tengo-el-Dato-Barranquilla.jpg","width":1080,"height":1080,"caption":"Descubre Barranquilla"},{"@type":"BreadcrumbList","@id":"https:\/\/letengoeldato.com\/#breadcrumb","itemListElement":[{"@type":"ListItem","position":1,"name":"Portada","item":"https:\/\/letengoeldato.com\/"},{"@type":"ListItem","position":2,"name":"Inicio > Le Tengo el Dato Barranquilla"}]},{"@type":"WebSite","@id":"https:\/\/letengoeldato.com\/#website","url":"https:\/\/letengoeldato.com\/","name":"Le Tengo el Dato Barranquilla","description":"Descubramos lo mejor de Barranquilla","publisher":{"@id":"https:\/\/letengoeldato.com\/#organization"},"potentialAction":[{"@type":"SearchAction","target":{"@type":"EntryPoint","urlTemplate":"https:\/\/letengoeldato.com\/?s={search_term_string}"},"query-input":"required name=search_term_string"}],"inLanguage":"es"},{"@type":"Organization","@id":"https:\/\/letengoeldato.com\/#organization","name":"Le Tengo el Dato Barranquilla","url":"https:\/\/letengoeldato.com\/","logo":{"@type":"ImageObject","inLanguage":"es","@id":"https:\/\/letengoeldato.com\/#\/schema\/logo\/image\/","url":"https:\/\/letengoeldato.com\/wp-content\/uploads\/2024\/06\/cropped-Logo-Full-color-.jpg","contentUrl":"https:\/\/letengoeldato.com\/wp-content\/uploads\/2024\/06\/cropped-Logo-Full-color-.jpg","width":512,"height":512,"caption":"Le Tengo el Dato Barranquilla"},"image":{"@id":"https:\/\/letengoeldato.com\/#\/schema\/logo\/image\/"},"sameAs":["https:\/\/www.facebook.com\/letengoeldato.baq","https:\/\/www.instagram.com\/letengoeldato.baq\/"]}]}},"_links":{"self":[{"href":"https:\/\/letengoeldato.com\/index.php\/wp-json\/wp\/v2\/pages\/107"}],"collection":[{"href":"https:\/\/letengoeldato.com\/index.php\/wp-json\/wp\/v2\/pages"}],"about":[{"href":"https:\/\/letengoeldato.com\/index.php\/wp-json\/wp\/v2\/types\/page"}],"author":[{"embeddable":true,"href":"https:\/\/letengoeldato.com\/index.php\/wp-json\/wp\/v2\/users\/1"}],"replies":[{"embeddable":true,"href":"https:\/\/letengoeldato.com\/index.php\/wp-json\/wp\/v2\/comments?post=107"}],"version-history":[{"count":825,"href":"https:\/\/letengoeldato.com\/index.php\/wp-json\/wp\/v2\/pages\/107\/revisions"}],"predecessor-version":[{"id":3446,"href":"https:\/\/letengoeldato.com\/index.php\/wp-json\/wp\/v2\/pages\/107\/revisions\/3446"}],"wp:featuredmedia":[{"embeddable":true,"href":"https:\/\/letengoeldato.com\/index.php\/wp-json\/wp\/v2\/media\/2382"}],"wp:attachment":[{"href":"https:\/\/letengoeldato.com\/index.php\/wp-json\/wp\/v2\/media?parent=107"}],"curies":[{"name":"wp","href":"https:\/\/api.w.org\/{rel}","templated":true}]}}