{"id":3,"date":"2022-06-05T21:01:45","date_gmt":"2022-06-05T21:01:45","guid":{"rendered":"https:\/\/letengoeldato.com\/?page_id=3"},"modified":"2024-07-09T15:44:10","modified_gmt":"2024-07-09T20:44:10","slug":"privacy-policy","status":"publish","type":"page","link":"https:\/\/letengoeldato.com\/index.php\/privacy-policy\/","title":{"rendered":"Pol\u00edtica de Tratamiento de Datos"},"content":{"rendered":"\t\t<div data-elementor-type=\"wp-page\" data-elementor-id=\"3\" class=\"elementor elementor-3\">\n\t\t\t\t\t\t\t\t\t<section class=\"elementor-section elementor-top-section elementor-element elementor-element-198989f5 elementor-section-boxed elementor-section-height-default elementor-section-height-default\" data-id=\"198989f5\" data-element_type=\"section\">\n\t\t\t\t\t\t<div class=\"elementor-container elementor-column-gap-default\">\n\t\t\t\t\t<div class=\"elementor-column elementor-col-100 elementor-top-column elementor-element elementor-element-44e39047\" data-id=\"44e39047\" data-element_type=\"column\">\n\t\t\t<div class=\"elementor-widget-wrap elementor-element-populated\">\n\t\t\t\t\t\t\t\t<div class=\"elementor-element elementor-element-3efffc73 elementor-widget elementor-widget-text-editor\" data-id=\"3efffc73\" data-element_type=\"widget\" data-widget_type=\"text-editor.default\">\n\t\t\t\t<div class=\"elementor-widget-container\">\n\t\t\t<style>\/*! elementor - v3.6.5 - 27-04-2022 *\/\n.elementor-widget-text-editor.elementor-drop-cap-view-stacked .elementor-drop-cap{background-color:#818a91;color:#fff}.elementor-widget-text-editor.elementor-drop-cap-view-framed .elementor-drop-cap{color:#818a91;border:3px solid;background-color:transparent}.elementor-widget-text-editor:not(.elementor-drop-cap-view-default) .elementor-drop-cap{margin-top:8px}.elementor-widget-text-editor:not(.elementor-drop-cap-view-default) .elementor-drop-cap-letter{width:1em;height:1em}.elementor-widget-text-editor .elementor-drop-cap{float:left;text-align:center;line-height:1;font-size:50px}.elementor-widget-text-editor .elementor-drop-cap-letter{display:inline-block}<\/style>\t\t\t\t<br \/>\n\t\t\t\t\t\t<\/div>\n\t\t\t\t<\/div>\n\t\t\t\t\t<\/div>\n\t\t<\/div>\n\t\t\t\t\t\t\t<\/div>\n\t\t<\/section>\n\t\t\t\t<section class=\"elementor-section elementor-top-section elementor-element elementor-element-bceb9db elementor-section-boxed elementor-section-height-default elementor-section-height-default\" data-id=\"bceb9db\" data-element_type=\"section\">\n\t\t\t\t\t\t<div class=\"elementor-container elementor-column-gap-default\">\n\t\t\t\t\t<div class=\"elementor-column elementor-col-100 elementor-top-column elementor-element elementor-element-5362065\" data-id=\"5362065\" data-element_type=\"column\">\n\t\t\t<div class=\"elementor-widget-wrap elementor-element-populated\">\n\t\t\t\t\t\t\t\t<div class=\"elementor-element elementor-element-5f99396 elementor-widget elementor-widget-text-editor\" data-id=\"5f99396\" data-element_type=\"widget\" data-widget_type=\"text-editor.default\">\n\t\t\t\t<div class=\"elementor-widget-container\">\n\t\t\t\t\t\t\t<h1><strong>Pol\u00edtica de Privacidad de Le Tengo el Dato Barranquilla<\/strong><\/h1><p>\u00a0<\/p><p><strong>1. Introducci\u00f3n<\/strong><\/p><p><strong>Bamboo Publicidad<\/strong>, en adelante &#8220;la Empresa&#8221;, comprometida con la protecci\u00f3n de la privacidad de los datos personales, presenta su Pol\u00edtica de Tratamiento de Datos Personales. Esta pol\u00edtica se aplica a todos los datos personales recopilados a trav\u00e9s de la plataforma &#8220;Le Tengo el Dato Barranquilla&#8221;, y cumple con la Ley 1581 de 2012 y dem\u00e1s normativas vigentes en Colombia.<\/p><p>\u00a0<\/p><p><strong>2. Responsable del Tratamiento de Datos Personales<\/strong><\/p><p>Raz\u00f3n Social: Bamboo Publicidad NIT. 1014215408-7 \/ Barranquilla, Atl\u00e1ntico \/ Correo electr\u00f3nico: atencionalcliente@bamboopublicidad.com\u00a0<\/p><p><strong>3. Definiciones<\/strong><\/p><p>a) <strong>Dato Personal:<\/strong> Informaci\u00f3n vinculada o que pueda asociarse a una o varias personas naturales determinadas o determinables.<\/p><p>b) <strong>Titular:<\/strong> Persona natural cuyos datos personales son objeto de tratamiento.<\/p><p>c) <strong>Tratamiento:<\/strong> Cualquier operaci\u00f3n o conjunto de operaciones sobre datos personales, tales como la recolecci\u00f3n, almacenamiento, uso, circulaci\u00f3n o supresi\u00f3n.<\/p><p>\u00a0<\/p><p><strong>4. Principios para el Tratamiento de Datos Personales<\/strong><\/p><p>Bamboo Publicidad adopta los siguientes principios para asegurar el adecuado tratamiento de los datos personales:<\/p><p>a) <strong>Legalidad:<\/strong> El tratamiento de datos personales es una actividad regulada que debe sujetarse a lo establecido en la ley y en las dem\u00e1s disposiciones que la desarrollen.<\/p><p>b) <strong>Finalidad:<\/strong> El tratamiento de los datos personales debe obedecer a una finalidad leg\u00edtima de acuerdo con la Constituci\u00f3n y la Ley, la cual debe ser informada al Titular.<\/p><p>c) <strong>Libertad:<\/strong> El tratamiento solo puede ejercerse con el consentimiento, previo, expreso e informado del Titular.<\/p><p>d) <strong>Transparencia:<\/strong> En el tratamiento de datos personales debe garantizarse el derecho del Titular a obtener informaci\u00f3n sobre la existencia de datos que le conciernan.<\/p><p>e) <strong>Seguridad:<\/strong> La informaci\u00f3n sujeta a tratamiento debe manejarse con las medidas t\u00e9cnicas, humanas y administrativas necesarias para otorgar seguridad a los registros.<\/p><p>\u00a0<\/p><p><strong>5. Finalidades del Tratamiento<\/strong><\/p><p>Los datos personales recolectados ser\u00e1n utilizados para las siguientes finalidades:<\/p><p>a) <strong>Ejecuci\u00f3n de Campa\u00f1as Publicitarias:<\/strong> Los datos ser\u00e1n utilizados para dise\u00f1ar, implementar y evaluar campa\u00f1as publicitarias.<\/p><p>b) <strong>An\u00e1lisis de Mercado:<\/strong> Realizaci\u00f3n de estudios de mercado para comprender mejor las necesidades y preferencias de los clientes.<\/p><p>c) <strong>Personalizaci\u00f3n de Servicios:<\/strong> Adaptaci\u00f3n de los servicios ofrecidos seg\u00fan los intereses y comportamientos de los usuarios.<\/p><p>d) <strong>Mejora de Ofertas Comerciales:<\/strong> Desarrollo de estrategias comerciales m\u00e1s efectivas y beneficiosas para los clientes.<\/p><p>e) <strong>Divulgaci\u00f3n de Promociones y Eventos:<\/strong> Env\u00edo de informaci\u00f3n sobre promociones, eventos y lanzamientos en los cuales Bamboo Publicidad tenga participaci\u00f3n directa.<\/p><p>f) <strong>Estad\u00edsticas y Estudios de Mercado:<\/strong> Uso de datos para generar estad\u00edsticas y realizar estudios de mercado que ayuden a mejorar la plataforma y los servicios ofrecidos.<\/p><p>\u00a0<\/p><p><strong>6. Tratamiento de Datos Personales de los Due\u00f1os, Administradores o Encargados de Negocios<\/strong><\/p><p>Los datos personales de los due\u00f1os, administradores o encargados de negocios ser\u00e1n tratados con estricta confidencialidad. Solo se publicar\u00e1 informaci\u00f3n comercial del negocio en la plataforma. La informaci\u00f3n personal no ser\u00e1 divulgada.<\/p><p>\u00a0<\/p><p><strong>7. Derechos de los Titulares<\/strong><\/p><p>De acuerdo con la Ley 1581 de 2012, los titulares de datos personales tienen los siguientes derechos:<\/p><p>a) <strong>Conocer, Actualizar y Rectificar sus Datos:<\/strong> El Titular puede solicitar la actualizaci\u00f3n o correcci\u00f3n de sus datos en cualquier momento.<\/p><p>b) <strong>Revocar la Autorizaci\u00f3n:<\/strong> El Titular puede solicitar la revocatoria de la autorizaci\u00f3n y\/o la supresi\u00f3n de sus datos cuando considere que no se est\u00e1n respetando los principios, derechos y garant\u00edas constitucionales y legales.<\/p><p>c) <strong>Solicitar Prueba de la Autorizaci\u00f3n:<\/strong> El Titular puede solicitar evidencia de la autorizaci\u00f3n otorgada para el tratamiento de sus datos.<\/p><p>d) <strong>Presentar Quejas:<\/strong> El Titular puede presentar quejas ante la Superintendencia de Industria y Comercio por infracciones a lo dispuesto en la Ley 1581 de 2012 y las dem\u00e1s normativas aplicables.<\/p><p>\u00a0<\/p><p><strong>8. Procedimientos para el Ejercicio de los Derechos del Titular<\/strong><\/p><p>Los titulares de datos personales pueden ejercer sus derechos a trav\u00e9s de los siguientes medios:<\/p><p>a) <strong>Correo Electr\u00f3nico:<\/strong>\u00a0servicioalcliente<a rel=\"noreferrer\">@bamboopublicidad.com<\/a> b) <strong>Tel\u00e9fono de Contacto:<\/strong> 3237300240<\/p><p>Las solicitudes ser\u00e1n atendidas en un plazo m\u00e1ximo de 15 d\u00edas h\u00e1biles, una vez se haya realizado la validaci\u00f3n de identidad correspondiente.<\/p><p>\u00a0<\/p><p><strong>9. Seguridad de la Informaci\u00f3n<\/strong><\/p><p>Bamboo Publicidad implementa las medidas t\u00e9cnicas, humanas y administrativas necesarias para garantizar la seguridad de los datos personales y evitar su adulteraci\u00f3n, p\u00e9rdida, consulta, uso o acceso no autorizado o fraudulento.<\/p><p>\u00a0<\/p><p><strong>10. Autorizaci\u00f3n y Consentimiento<\/strong><\/p><p>La firma del presente documento o la aceptaci\u00f3n de las pol\u00edticas de uso de datos al registrarse en la plataforma constituye autorizaci\u00f3n expresa para el tratamiento de los datos personales conforme a las finalidades aqu\u00ed establecidas. Para m\u00e1s detalles sobre nuestras pol\u00edticas, puede ingresar a nuestra p\u00e1gina web en el apartado de pol\u00edticas de privacidad.<\/p><p>\u00a0<\/p><p><strong>11. Vigencia de la Pol\u00edtica y de las Bases de Datos<\/strong><\/p><p>a) La presente pol\u00edtica entra en vigor a partir de su publicaci\u00f3n en nuestra p\u00e1gina web y estar\u00e1 vigente hasta que sea modificada o eliminada por parte de la Empresa.<\/p><p>b) Las bases de datos administradas por Bamboo Publicidad tendr\u00e1n una vigencia igual al tiempo en que se utilicen los datos personales para las finalidades descritas en esta pol\u00edtica, y se conservar\u00e1n mientras exista un deber legal o contractual de hacerlo.<\/p><p>\u00a0<\/p><p><strong>12. Modificaciones a la Pol\u00edtica de Privacidad<\/strong><\/p><p>Bamboo Publicidad se reserva el derecho de modificar esta pol\u00edtica en cualquier momento. Cualquier cambio sustancial ser\u00e1 informado oportunamente a trav\u00e9s de nuestra p\u00e1gina web y otros canales de comunicaci\u00f3n adecuados.<\/p><p>\u00a0<\/p><p><strong>13. Eliminaci\u00f3n de Datos Personales<\/strong><\/p><p>Si el Cliente desea eliminar sus datos de nuestras plataformas y bases de datos, deber\u00e1 enviar una solicitud por correo electr\u00f3nico a Bamboo Publicidad. La solicitud ser\u00e1 sometida a un proceso de validaci\u00f3n de identidad, y una vez confirmada, procederemos a ejecutar la eliminaci\u00f3n de los datos dentro de un plazo m\u00e1ximo de 15 d\u00edas h\u00e1biles.<\/p><p>\u00a0<\/p><p><strong>14. Informaci\u00f3n de Contacto<\/strong><\/p><p>Para cualquier consulta, solicitud o reclamo relacionado con esta pol\u00edtica, los titulares de datos personales pueden contactarnos a trav\u00e9s de:<\/p><p><strong>Correo Electr\u00f3nico:<\/strong> <a rel=\"noreferrer\">servicioalcliente@bamboopublicidad.com<\/a> <br \/><strong>Tel\u00e9fono de Contacto:<\/strong> 3237300240<\/p><p><strong>Barranquilla, Atl\u00e1ntico<\/strong><\/p>\t\t\t\t\t\t<\/div>\n\t\t\t\t<\/div>\n\t\t\t\t\t<\/div>\n\t\t<\/div>\n\t\t\t\t\t\t\t<\/div>\n\t\t<\/section>\n\t\t\t\t\t\t\t<\/div>\n\t\t","protected":false},"excerpt":{"rendered":"<p>Pol\u00edtica de Privacidad de Le Tengo el Dato Barranquilla \u00a0 1. Introducci\u00f3n Bamboo Publicidad, en adelante &#8220;la Empresa&#8221;, comprometida con la protecci\u00f3n de la privacidad de los datos personales, presenta su Pol\u00edtica de Tratamiento de Datos Personales. Esta pol\u00edtica se aplica a todos los datos personales recopilados a trav\u00e9s de la plataforma &#8220;Le Tengo el [&hellip;]<\/p>\n","protected":false},"author":1,"featured_media":0,"parent":0,"menu_order":0,"comment_status":"closed","ping_status":"open","template":"","meta":{"om_disable_all_campaigns":false,"_monsterinsights_skip_tracking":false,"_monsterinsights_sitenote_active":false,"_monsterinsights_sitenote_note":"","_monsterinsights_sitenote_category":0,"footnotes":""},"yoast_head":"<!-- This site is optimized with the Yoast SEO plugin v23.0 - https:\/\/yoast.com\/wordpress\/plugins\/seo\/ -->\n<title>Pol\u00edtica de Tratamiento de Datos - Le Tengo el Dato Barranquilla<\/title>\n<meta name=\"robots\" content=\"index, follow, max-snippet:-1, max-image-preview:large, max-video-preview:-1\" \/>\n<link rel=\"canonical\" href=\"https:\/\/letengoeldato.com\/index.php\/privacy-policy\/\" \/>\n<meta property=\"og:locale\" content=\"es_ES\" \/>\n<meta property=\"og:type\" content=\"article\" \/>\n<meta property=\"og:title\" content=\"Pol\u00edtica de Tratamiento de Datos - Le Tengo el Dato Barranquilla\" \/>\n<meta property=\"og:description\" content=\"Pol\u00edtica de Privacidad de Le Tengo el Dato Barranquilla \u00a0 1. Introducci\u00f3n Bamboo Publicidad, en adelante &#8220;la Empresa&#8221;, comprometida con la protecci\u00f3n de la privacidad de los datos personales, presenta su Pol\u00edtica de Tratamiento de Datos Personales. Esta pol\u00edtica se aplica a todos los datos personales recopilados a trav\u00e9s de la plataforma &#8220;Le Tengo el [&hellip;]\" \/>\n<meta property=\"og:url\" content=\"https:\/\/letengoeldato.com\/index.php\/privacy-policy\/\" \/>\n<meta property=\"og:site_name\" content=\"Le Tengo el Dato Barranquilla\" \/>\n<meta property=\"article:publisher\" content=\"https:\/\/www.facebook.com\/letengoeldato.baq\" \/>\n<meta property=\"article:modified_time\" content=\"2024-07-09T20:44:10+00:00\" \/>\n<meta name=\"twitter:card\" content=\"summary_large_image\" \/>\n<meta name=\"twitter:label1\" content=\"Tiempo de lectura\" \/>\n\t<meta name=\"twitter:data1\" content=\"5 minutos\" \/>\n<script type=\"application\/ld+json\" class=\"yoast-schema-graph\">{\"@context\":\"https:\/\/schema.org\",\"@graph\":[{\"@type\":\"WebPage\",\"@id\":\"https:\/\/letengoeldato.com\/index.php\/privacy-policy\/\",\"url\":\"https:\/\/letengoeldato.com\/index.php\/privacy-policy\/\",\"name\":\"Pol\u00edtica de Tratamiento de Datos - Le Tengo el Dato Barranquilla\",\"isPartOf\":{\"@id\":\"https:\/\/letengoeldato.com\/#website\"},\"datePublished\":\"2022-06-05T21:01:45+00:00\",\"dateModified\":\"2024-07-09T20:44:10+00:00\",\"breadcrumb\":{\"@id\":\"https:\/\/letengoeldato.com\/index.php\/privacy-policy\/#breadcrumb\"},\"inLanguage\":\"es\",\"potentialAction\":[{\"@type\":\"ReadAction\",\"target\":[\"https:\/\/letengoeldato.com\/index.php\/privacy-policy\/\"]}]},{\"@type\":\"BreadcrumbList\",\"@id\":\"https:\/\/letengoeldato.com\/index.php\/privacy-policy\/#breadcrumb\",\"itemListElement\":[{\"@type\":\"ListItem\",\"position\":1,\"name\":\"Portada\",\"item\":\"https:\/\/letengoeldato.com\/\"},{\"@type\":\"ListItem\",\"position\":2,\"name\":\"Pol\u00edtica de Tratamiento de Datos\"}]},{\"@type\":\"WebSite\",\"@id\":\"https:\/\/letengoeldato.com\/#website\",\"url\":\"https:\/\/letengoeldato.com\/\",\"name\":\"Le Tengo el Dato Barranquilla\",\"description\":\"Descubramos lo mejor de Barranquilla\",\"publisher\":{\"@id\":\"https:\/\/letengoeldato.com\/#organization\"},\"potentialAction\":[{\"@type\":\"SearchAction\",\"target\":{\"@type\":\"EntryPoint\",\"urlTemplate\":\"https:\/\/letengoeldato.com\/?s={search_term_string}\"},\"query-input\":\"required name=search_term_string\"}],\"inLanguage\":\"es\"},{\"@type\":\"Organization\",\"@id\":\"https:\/\/letengoeldato.com\/#organization\",\"name\":\"Le Tengo el Dato Barranquilla\",\"url\":\"https:\/\/letengoeldato.com\/\",\"logo\":{\"@type\":\"ImageObject\",\"inLanguage\":\"es\",\"@id\":\"https:\/\/letengoeldato.com\/#\/schema\/logo\/image\/\",\"url\":\"https:\/\/letengoeldato.com\/wp-content\/uploads\/2024\/06\/cropped-Logo-Full-color-.jpg\",\"contentUrl\":\"https:\/\/letengoeldato.com\/wp-content\/uploads\/2024\/06\/cropped-Logo-Full-color-.jpg\",\"width\":512,\"height\":512,\"caption\":\"Le Tengo el Dato Barranquilla\"},\"image\":{\"@id\":\"https:\/\/letengoeldato.com\/#\/schema\/logo\/image\/\"},\"sameAs\":[\"https:\/\/www.facebook.com\/letengoeldato.baq\",\"https:\/\/www.instagram.com\/letengoeldato.baq\/\"]}]}<\/script>\n<!-- \/ Yoast SEO plugin. -->","yoast_head_json":{"title":"Pol\u00edtica de Tratamiento de Datos - Le Tengo el Dato Barranquilla","robots":{"index":"index","follow":"follow","max-snippet":"max-snippet:-1","max-image-preview":"max-image-preview:large","max-video-preview":"max-video-preview:-1"},"canonical":"https:\/\/letengoeldato.com\/index.php\/privacy-policy\/","og_locale":"es_ES","og_type":"article","og_title":"Pol\u00edtica de Tratamiento de Datos - Le Tengo el Dato Barranquilla","og_description":"Pol\u00edtica de Privacidad de Le Tengo el Dato Barranquilla \u00a0 1. Introducci\u00f3n Bamboo Publicidad, en adelante &#8220;la Empresa&#8221;, comprometida con la protecci\u00f3n de la privacidad de los datos personales, presenta su Pol\u00edtica de Tratamiento de Datos Personales. Esta pol\u00edtica se aplica a todos los datos personales recopilados a trav\u00e9s de la plataforma &#8220;Le Tengo el [&hellip;]","og_url":"https:\/\/letengoeldato.com\/index.php\/privacy-policy\/","og_site_name":"Le Tengo el Dato Barranquilla","article_publisher":"https:\/\/www.facebook.com\/letengoeldato.baq","article_modified_time":"2024-07-09T20:44:10+00:00","twitter_card":"summary_large_image","twitter_misc":{"Tiempo de lectura":"5 minutos"},"schema":{"@context":"https:\/\/schema.org","@graph":[{"@type":"WebPage","@id":"https:\/\/letengoeldato.com\/index.php\/privacy-policy\/","url":"https:\/\/letengoeldato.com\/index.php\/privacy-policy\/","name":"Pol\u00edtica de Tratamiento de Datos - Le Tengo el Dato Barranquilla","isPartOf":{"@id":"https:\/\/letengoeldato.com\/#website"},"datePublished":"2022-06-05T21:01:45+00:00","dateModified":"2024-07-09T20:44:10+00:00","breadcrumb":{"@id":"https:\/\/letengoeldato.com\/index.php\/privacy-policy\/#breadcrumb"},"inLanguage":"es","potentialAction":[{"@type":"ReadAction","target":["https:\/\/letengoeldato.com\/index.php\/privacy-policy\/"]}]},{"@type":"BreadcrumbList","@id":"https:\/\/letengoeldato.com\/index.php\/privacy-policy\/#breadcrumb","itemListElement":[{"@type":"ListItem","position":1,"name":"Portada","item":"https:\/\/letengoeldato.com\/"},{"@type":"ListItem","position":2,"name":"Pol\u00edtica de Tratamiento de Datos"}]},{"@type":"WebSite","@id":"https:\/\/letengoeldato.com\/#website","url":"https:\/\/letengoeldato.com\/","name":"Le Tengo el Dato Barranquilla","description":"Descubramos lo mejor de Barranquilla","publisher":{"@id":"https:\/\/letengoeldato.com\/#organization"},"potentialAction":[{"@type":"SearchAction","target":{"@type":"EntryPoint","urlTemplate":"https:\/\/letengoeldato.com\/?s={search_term_string}"},"query-input":"required name=search_term_string"}],"inLanguage":"es"},{"@type":"Organization","@id":"https:\/\/letengoeldato.com\/#organization","name":"Le Tengo el Dato Barranquilla","url":"https:\/\/letengoeldato.com\/","logo":{"@type":"ImageObject","inLanguage":"es","@id":"https:\/\/letengoeldato.com\/#\/schema\/logo\/image\/","url":"https:\/\/letengoeldato.com\/wp-content\/uploads\/2024\/06\/cropped-Logo-Full-color-.jpg","contentUrl":"https:\/\/letengoeldato.com\/wp-content\/uploads\/2024\/06\/cropped-Logo-Full-color-.jpg","width":512,"height":512,"caption":"Le Tengo el Dato Barranquilla"},"image":{"@id":"https:\/\/letengoeldato.com\/#\/schema\/logo\/image\/"},"sameAs":["https:\/\/www.facebook.com\/letengoeldato.baq","https:\/\/www.instagram.com\/letengoeldato.baq\/"]}]}},"_links":{"self":[{"href":"https:\/\/letengoeldato.com\/index.php\/wp-json\/wp\/v2\/pages\/3"}],"collection":[{"href":"https:\/\/letengoeldato.com\/index.php\/wp-json\/wp\/v2\/pages"}],"about":[{"href":"https:\/\/letengoeldato.com\/index.php\/wp-json\/wp\/v2\/types\/page"}],"author":[{"embeddable":true,"href":"https:\/\/letengoeldato.com\/index.php\/wp-json\/wp\/v2\/users\/1"}],"replies":[{"embeddable":true,"href":"https:\/\/letengoeldato.com\/index.php\/wp-json\/wp\/v2\/comments?post=3"}],"version-history":[{"count":23,"href":"https:\/\/letengoeldato.com\/index.php\/wp-json\/wp\/v2\/pages\/3\/revisions"}],"predecessor-version":[{"id":2305,"href":"https:\/\/letengoeldato.com\/index.php\/wp-json\/wp\/v2\/pages\/3\/revisions\/2305"}],"wp:attachment":[{"href":"https:\/\/letengoeldato.com\/index.php\/wp-json\/wp\/v2\/media?parent=3"}],"curies":[{"name":"wp","href":"https:\/\/api.w.org\/{rel}","templated":true}]}}